{"id":119,"date":"2020-08-20T10:02:41","date_gmt":"2020-08-20T10:02:41","guid":{"rendered":"https:\/\/localhost\/sellosnew\/about-us\/"},"modified":"2022-08-26T21:36:52","modified_gmt":"2022-08-26T21:36:52","slug":"sobre-nosotros","status":"publish","type":"page","link":"https:\/\/sellosgeneralescr.com\/new\/sobre-nosotros\/","title":{"rendered":"Sobre Nosotros"},"content":{"rendered":"<div class=\"d-flex align-items-center pb-3 mb-5 border-bottom\"><\/div>\n<h1 class=\"text-primary\">Nosotros<\/h1>\n<p class=\"fs-5 col-md-8 mb-4\">Somos una empresa que se dedica al negocio de los sellos, nuestro \u00e9xito se basa en el compromiso y la capacidad de sus empleados. La utilizaci\u00f3n de tecnolog\u00edas innovadoras nos garantiza un producto de calidad superior.<\/p>\n<hr class=\"col-3 col-md-2 mb-5\">\n<div class=\"row\">\n<div class=\"col-lg-6\">\n<h1 class=\"text-primary\">Misi\u00f3n:<\/h1>\n<p class=\"fs-5 col-md-11 mb-4\">Cumplir a tiempo con amistad y confianza las necesidades de nuestros clientes.<\/p>\n<hr class=\"col-3 col-md-4 mb-5\">\n<\/div>\n<div class=\"col-lg-6\">\n<h1 class=\"text-primary\">Visi\u00f3n:<\/h1>\n<p class=\"fs-5 col-md-11 mb-4\">Ofrecer el servicio a todo el mercado nacional que lo requiera para poder expandirnos con un servicio r\u00e1pido y eficiente y con los mejores precios del mercado.<\/p>\n<hr class=\"col-3 col-md-4 mb-5\">\n<\/div>\n<\/div>\n","protected":false},"excerpt":{"rendered":"<p>Nosotros Somos una empresa que se dedica al negocio de los sellos, nuestro \u00e9xito se basa en el compromiso y la capacidad de sus empleados. La utilizaci\u00f3n de tecnolog\u00edas innovadoras nos garantiza un producto de calidad superior. Misi\u00f3n: Cumplir a tiempo con amistad y confianza las necesidades de nuestros clientes. Visi\u00f3n: Ofrecer el servicio a [&hellip;]<\/p>\n","protected":false},"author":1,"featured_media":948,"parent":0,"menu_order":0,"comment_status":"closed","ping_status":"closed","template":"page-templates\/sobre-nosotros.php","meta":{"footnotes":""},"class_list":["post-119","page","type-page","status-publish","has-post-thumbnail","hentry"],"yoast_head":"<!-- This site is optimized with the Yoast SEO plugin v18.9 - https:\/\/yoast.com\/wordpress\/plugins\/seo\/ -->\n<title>Sobre Nosotros - Sellos Generales<\/title>\n<meta name=\"robots\" content=\"index, follow, max-snippet:-1, max-image-preview:large, max-video-preview:-1\" \/>\n<link rel=\"canonical\" href=\"https:\/\/sellosgeneralescr.com\/new\/sobre-nosotros\/\" \/>\n<meta property=\"og:locale\" content=\"en_US\" \/>\n<meta property=\"og:type\" content=\"article\" \/>\n<meta property=\"og:title\" content=\"Sobre Nosotros - Sellos Generales\" \/>\n<meta property=\"og:description\" content=\"Nosotros Somos una empresa que se dedica al negocio de los sellos, nuestro \u00e9xito se basa en el compromiso y la capacidad de sus empleados. La utilizaci\u00f3n de tecnolog\u00edas innovadoras nos garantiza un producto de calidad superior. Misi\u00f3n: Cumplir a tiempo con amistad y confianza las necesidades de nuestros clientes. Visi\u00f3n: Ofrecer el servicio a [&hellip;]\" \/>\n<meta property=\"og:url\" content=\"https:\/\/sellosgeneralescr.com\/new\/sobre-nosotros\/\" \/>\n<meta property=\"og:site_name\" content=\"Sellos Generales\" \/>\n<meta property=\"article:modified_time\" content=\"2022-08-26T21:36:52+00:00\" \/>\n<meta property=\"og:image\" content=\"https:\/\/sellosgeneralescr.com\/new\/wp-content\/uploads\/2022\/08\/Sellos-Generales.png\" \/>\n\t<meta property=\"og:image:width\" content=\"1920\" \/>\n\t<meta property=\"og:image:height\" content=\"600\" \/>\n\t<meta property=\"og:image:type\" content=\"image\/png\" \/>\n<meta name=\"twitter:card\" content=\"summary_large_image\" \/>\n<meta name=\"twitter:label1\" content=\"Est. reading time\" \/>\n\t<meta name=\"twitter:data1\" content=\"1 minute\" \/>\n<script type=\"application\/ld+json\" class=\"yoast-schema-graph\">{\"@context\":\"https:\/\/schema.org\",\"@graph\":[{\"@type\":\"WebSite\",\"@id\":\"https:\/\/sellosgeneralescr.com\/new\/#website\",\"url\":\"https:\/\/sellosgeneralescr.com\/new\/\",\"name\":\"Sellos Generales\",\"description\":\"Guillermo Rodr\u00edguez Rojas\",\"potentialAction\":[{\"@type\":\"SearchAction\",\"target\":{\"@type\":\"EntryPoint\",\"urlTemplate\":\"https:\/\/sellosgeneralescr.com\/new\/?s={search_term_string}\"},\"query-input\":\"required name=search_term_string\"}],\"inLanguage\":\"en-US\"},{\"@type\":\"ImageObject\",\"inLanguage\":\"en-US\",\"@id\":\"https:\/\/sellosgeneralescr.com\/new\/sobre-nosotros\/#primaryimage\",\"url\":\"https:\/\/sellosgeneralescr.com\/new\/wp-content\/uploads\/2022\/08\/Sellos-Generales.png\",\"contentUrl\":\"https:\/\/sellosgeneralescr.com\/new\/wp-content\/uploads\/2022\/08\/Sellos-Generales.png\",\"width\":1920,\"height\":600,\"caption\":\"Sellos Generales\"},{\"@type\":\"WebPage\",\"@id\":\"https:\/\/sellosgeneralescr.com\/new\/sobre-nosotros\/#webpage\",\"url\":\"https:\/\/sellosgeneralescr.com\/new\/sobre-nosotros\/\",\"name\":\"Sobre Nosotros - Sellos Generales\",\"isPartOf\":{\"@id\":\"https:\/\/sellosgeneralescr.com\/new\/#website\"},\"primaryImageOfPage\":{\"@id\":\"https:\/\/sellosgeneralescr.com\/new\/sobre-nosotros\/#primaryimage\"},\"datePublished\":\"2020-08-20T10:02:41+00:00\",\"dateModified\":\"2022-08-26T21:36:52+00:00\",\"breadcrumb\":{\"@id\":\"https:\/\/sellosgeneralescr.com\/new\/sobre-nosotros\/#breadcrumb\"},\"inLanguage\":\"en-US\",\"potentialAction\":[{\"@type\":\"ReadAction\",\"target\":[\"https:\/\/sellosgeneralescr.com\/new\/sobre-nosotros\/\"]}]},{\"@type\":\"BreadcrumbList\",\"@id\":\"https:\/\/sellosgeneralescr.com\/new\/sobre-nosotros\/#breadcrumb\",\"itemListElement\":[{\"@type\":\"ListItem\",\"position\":1,\"name\":\"Home\",\"item\":\"https:\/\/sellosgeneralescr.com\/new\/\"},{\"@type\":\"ListItem\",\"position\":2,\"name\":\"Sobre Nosotros\"}]}]}<\/script>\n<!-- \/ Yoast SEO plugin. -->","yoast_head_json":{"title":"Sobre Nosotros - Sellos Generales","robots":{"index":"index","follow":"follow","max-snippet":"max-snippet:-1","max-image-preview":"max-image-preview:large","max-video-preview":"max-video-preview:-1"},"canonical":"https:\/\/sellosgeneralescr.com\/new\/sobre-nosotros\/","og_locale":"en_US","og_type":"article","og_title":"Sobre Nosotros - Sellos Generales","og_description":"Nosotros Somos una empresa que se dedica al negocio de los sellos, nuestro \u00e9xito se basa en el compromiso y la capacidad de sus empleados. La utilizaci\u00f3n de tecnolog\u00edas innovadoras nos garantiza un producto de calidad superior. Misi\u00f3n: Cumplir a tiempo con amistad y confianza las necesidades de nuestros clientes. Visi\u00f3n: Ofrecer el servicio a [&hellip;]","og_url":"https:\/\/sellosgeneralescr.com\/new\/sobre-nosotros\/","og_site_name":"Sellos Generales","article_modified_time":"2022-08-26T21:36:52+00:00","og_image":[{"width":1920,"height":600,"url":"https:\/\/sellosgeneralescr.com\/new\/wp-content\/uploads\/2022\/08\/Sellos-Generales.png","type":"image\/png"}],"twitter_card":"summary_large_image","twitter_misc":{"Est. reading time":"1 minute"},"schema":{"@context":"https:\/\/schema.org","@graph":[{"@type":"WebSite","@id":"https:\/\/sellosgeneralescr.com\/new\/#website","url":"https:\/\/sellosgeneralescr.com\/new\/","name":"Sellos Generales","description":"Guillermo Rodr\u00edguez Rojas","potentialAction":[{"@type":"SearchAction","target":{"@type":"EntryPoint","urlTemplate":"https:\/\/sellosgeneralescr.com\/new\/?s={search_term_string}"},"query-input":"required name=search_term_string"}],"inLanguage":"en-US"},{"@type":"ImageObject","inLanguage":"en-US","@id":"https:\/\/sellosgeneralescr.com\/new\/sobre-nosotros\/#primaryimage","url":"https:\/\/sellosgeneralescr.com\/new\/wp-content\/uploads\/2022\/08\/Sellos-Generales.png","contentUrl":"https:\/\/sellosgeneralescr.com\/new\/wp-content\/uploads\/2022\/08\/Sellos-Generales.png","width":1920,"height":600,"caption":"Sellos Generales"},{"@type":"WebPage","@id":"https:\/\/sellosgeneralescr.com\/new\/sobre-nosotros\/#webpage","url":"https:\/\/sellosgeneralescr.com\/new\/sobre-nosotros\/","name":"Sobre Nosotros - Sellos Generales","isPartOf":{"@id":"https:\/\/sellosgeneralescr.com\/new\/#website"},"primaryImageOfPage":{"@id":"https:\/\/sellosgeneralescr.com\/new\/sobre-nosotros\/#primaryimage"},"datePublished":"2020-08-20T10:02:41+00:00","dateModified":"2022-08-26T21:36:52+00:00","breadcrumb":{"@id":"https:\/\/sellosgeneralescr.com\/new\/sobre-nosotros\/#breadcrumb"},"inLanguage":"en-US","potentialAction":[{"@type":"ReadAction","target":["https:\/\/sellosgeneralescr.com\/new\/sobre-nosotros\/"]}]},{"@type":"BreadcrumbList","@id":"https:\/\/sellosgeneralescr.com\/new\/sobre-nosotros\/#breadcrumb","itemListElement":[{"@type":"ListItem","position":1,"name":"Home","item":"https:\/\/sellosgeneralescr.com\/new\/"},{"@type":"ListItem","position":2,"name":"Sobre Nosotros"}]}]}},"uagb_featured_image_src":{"full":["https:\/\/sellosgeneralescr.com\/new\/wp-content\/uploads\/2022\/08\/Sellos-Generales.png",1920,600,false],"thumbnail":["https:\/\/sellosgeneralescr.com\/new\/wp-content\/uploads\/2022\/08\/Sellos-Generales.png",150,47,false],"medium":["https:\/\/sellosgeneralescr.com\/new\/wp-content\/uploads\/2022\/08\/Sellos-Generales.png",300,94,false],"medium_large":["https:\/\/sellosgeneralescr.com\/new\/wp-content\/uploads\/2022\/08\/Sellos-Generales.png",640,200,false],"large":["https:\/\/sellosgeneralescr.com\/new\/wp-content\/uploads\/2022\/08\/Sellos-Generales.png",640,200,false],"1536x1536":["https:\/\/sellosgeneralescr.com\/new\/wp-content\/uploads\/2022\/08\/Sellos-Generales.png",1536,480,false],"2048x2048":["https:\/\/sellosgeneralescr.com\/new\/wp-content\/uploads\/2022\/08\/Sellos-Generales.png",1920,600,false],"mailpoet_newsletter_max":["https:\/\/sellosgeneralescr.com\/new\/wp-content\/uploads\/2022\/08\/Sellos-Generales.png",1320,413,false],"detail":["https:\/\/sellosgeneralescr.com\/new\/wp-content\/uploads\/2022\/08\/Sellos-Generales.png",150,47,false],"woocommerce_thumbnail":["https:\/\/sellosgeneralescr.com\/new\/wp-content\/uploads\/2022\/08\/Sellos-Generales.png",300,94,false],"woocommerce_single":["https:\/\/sellosgeneralescr.com\/new\/wp-content\/uploads\/2022\/08\/Sellos-Generales.png",600,188,false],"woocommerce_gallery_thumbnail":["https:\/\/sellosgeneralescr.com\/new\/wp-content\/uploads\/2022\/08\/Sellos-Generales-100x100.png",100,100,true],"shop_catalog":["https:\/\/sellosgeneralescr.com\/new\/wp-content\/uploads\/2022\/08\/Sellos-Generales.png",300,94,false],"shop_single":["https:\/\/sellosgeneralescr.com\/new\/wp-content\/uploads\/2022\/08\/Sellos-Generales.png",600,188,false],"shop_thumbnail":["https:\/\/sellosgeneralescr.com\/new\/wp-content\/uploads\/2022\/08\/Sellos-Generales-100x100.png",100,100,true],"variation_swatches_image_size":["https:\/\/sellosgeneralescr.com\/new\/wp-content\/uploads\/2022\/08\/Sellos-Generales.png",50,16,false],"variation_swatches_tooltip_size":["https:\/\/sellosgeneralescr.com\/new\/wp-content\/uploads\/2022\/08\/Sellos-Generales.png",100,31,false]},"uagb_author_info":{"display_name":"selloscr","author_link":"https:\/\/sellosgeneralescr.com\/new\/author\/selloscr\/"},"uagb_comment_info":0,"uagb_excerpt":"Nosotros Somos una empresa que se dedica al negocio de los sellos, nuestro \u00e9xito se basa en el compromiso y la capacidad de sus empleados. La utilizaci\u00f3n de tecnolog\u00edas innovadoras nos garantiza un producto de calidad superior. Misi\u00f3n: Cumplir a tiempo con amistad y confianza las necesidades de nuestros clientes. Visi\u00f3n: Ofrecer el servicio a&hellip;","_links":{"self":[{"href":"https:\/\/sellosgeneralescr.com\/new\/wp-json\/wp\/v2\/pages\/119","targetHints":{"allow":["GET"]}}],"collection":[{"href":"https:\/\/sellosgeneralescr.com\/new\/wp-json\/wp\/v2\/pages"}],"about":[{"href":"https:\/\/sellosgeneralescr.com\/new\/wp-json\/wp\/v2\/types\/page"}],"author":[{"embeddable":true,"href":"https:\/\/sellosgeneralescr.com\/new\/wp-json\/wp\/v2\/users\/1"}],"replies":[{"embeddable":true,"href":"https:\/\/sellosgeneralescr.com\/new\/wp-json\/wp\/v2\/comments?post=119"}],"version-history":[{"count":19,"href":"https:\/\/sellosgeneralescr.com\/new\/wp-json\/wp\/v2\/pages\/119\/revisions"}],"predecessor-version":[{"id":895,"href":"https:\/\/sellosgeneralescr.com\/new\/wp-json\/wp\/v2\/pages\/119\/revisions\/895"}],"wp:featuredmedia":[{"embeddable":true,"href":"https:\/\/sellosgeneralescr.com\/new\/wp-json\/wp\/v2\/media\/948"}],"wp:attachment":[{"href":"https:\/\/sellosgeneralescr.com\/new\/wp-json\/wp\/v2\/media?parent=119"}],"curies":[{"name":"wp","href":"https:\/\/api.w.org\/{rel}","templated":true}]}}