{"id":120,"date":"2020-08-20T10:02:57","date_gmt":"2020-08-20T10:02:57","guid":{"rendered":"https:\/\/localhost\/sellosnew\/contact-us\/"},"modified":"2022-08-29T11:30:34","modified_gmt":"2022-08-29T11:30:34","slug":"contactenos","status":"publish","type":"page","link":"https:\/\/sellosgeneralescr.com\/new\/contactenos\/","title":{"rendered":"Contacto"},"content":{"rendered":"<div class=\"col-lg-12 mx-auto p-3 py-md-5\">\n<div class=\"d-flex align-items-center pb-3 mb-3 border-bottom\">\n<h3>Cont\u00e1ctenos<\/h3>\n<\/div>\n<div class=\"row g-5\">\n<div class=\"col-md-6\">\n<h1 class=\"text-primary\">Oficinas Centrales<\/h1>\n<p class=\"fs-6 col-md-10\">Tib\u00e1s, San Jos\u00e9, Costa Rica<br \/>\nApartado #1802-1100 Tibas<\/p>\n<h4>Direcci\u00f3n:<\/h4>\n<p class=\"fs-6 col-md-10\">75 metros al oeste del Costado oeste Estadio Municipal de Tibas.<\/p>\n<hr class=\"col-8 col-md-6 mb-5\">\n<h2 class=\"text-primary\">Tel\u00e9fonos:<\/h2>\n<p>Ll\u00e1manos a cualquiera de nuestros n\u00fameros tel\u00e9fonicos y con gusto uno de nuestros operadores lo atendera:<\/p>\n<ul class=\"fs-5 icon-list text-primary\">\n<li><a href=\"tel:22366313\">2236 6313<\/a> \/ <a href=\"tel:22364635\">2236 4635<\/a><\/li>\n<li><a href=\"tel:22971802\">2297 1802<\/a> \/ <a href=\"tel:22354453\">2235 4453<\/a><\/li>\n<li><a href=\"tel:22971802\">2297 1802<\/a> \/ <a href=\"tel:22354373\">2235 4373<\/a><\/li>\n<\/ul>\n<hr class=\"col-8 col-md-6 mb-5\">\n<h2 class=\"text-primary\">E-Mail:<\/h2>\n<p>Escr\u00edbenos a cualquiera de nuestros correos:<\/p>\n<ul class=\"fs-5 icon-list text-primary\">\n<li><a href=\"mailto:servicioalcliente@sellosgeneralescr.com\">servicioalcliente@sellosgeneralescr.com<\/a><\/li>\n<li><a href=\"mailto:servicioalcliente1@sellosgeneralescr.com\">servicioalcliente1@sellosgeneralescr.com<\/a><\/li>\n<li><a href=\"mailto:servicioalcliente2@sellosgeneralescr.com\">servicioalcliente2@sellosgeneralescr.com<\/a><\/li>\n<li><a href=\"mailto:servicioalcliente3@sellosgeneralescr.com\">servicioalcliente3@sellosgeneralescr.com<\/a><\/li>\n<\/ul>\n<hr class=\"col-8 col-md-6 mb-5\">\n<\/div>\n<div class=\"col-md-6\">\n<h3 class=\"text-primary\">Encu\u00e9ntranos en Google Maps<\/h3>\n<hr class=\"col-8 col-md-6 mb-3\">\n<p><iframe style=\"border: 0;\" src=\"https:\/\/www.google.com\/maps\/embed?pb=!1m14!1m8!1m3!1d15718.513358383261!2d-84.0831318!3d9.9648477!3m2!1i1024!2i768!4f13.1!3m3!1m2!1s0x0%3A0x225e598e8c13f607!2sSellos%20Generales!5e0!3m2!1sen!2scr!4v1659722658868!5m2!1sen!2scr\" width=\"600\" height=\"450\" allowfullscreen=\"allowfullscreen\"><\/iframe><\/p>\n<hr class=\"col-12 col-md-6 mb-5\">\n<figure class=\"wp-block-image alignright size-full text-center\"><img decoding=\"async\" class=\"wp-image-253\" src=\"https:\/\/sellosgeneralescr.com\/new\/wp-content\/uploads\/2022\/05\/Logo-SellosGenerales_Blue.svg\" alt=\"SellosGenerales\"><figcaption>\u00a1Sellando sus productos con calidad!<\/figcaption><\/figure>\n<\/div>\n<\/div>\n<\/div>\n","protected":false},"excerpt":{"rendered":"<p>Cont\u00e1ctenos Oficinas Centrales Tib\u00e1s, San Jos\u00e9, Costa Rica Apartado #1802-1100 Tibas Direcci\u00f3n: 75 metros al oeste del Costado oeste Estadio Municipal de Tibas. Tel\u00e9fonos: Ll\u00e1manos a cualquiera de nuestros n\u00fameros tel\u00e9fonicos y con gusto uno de nuestros operadores lo atendera: 2236 6313 \/ 2236 4635 2297 1802 \/ 2235 4453 2297 1802 \/ 2235 4373 [&hellip;]<\/p>\n","protected":false},"author":1,"featured_media":945,"parent":0,"menu_order":0,"comment_status":"closed","ping_status":"closed","template":"page-templates\/sobre-nosotros.php","meta":{"footnotes":""},"class_list":["post-120","page","type-page","status-publish","has-post-thumbnail","hentry"],"yoast_head":"<!-- This site is optimized with the Yoast SEO plugin v18.9 - https:\/\/yoast.com\/wordpress\/plugins\/seo\/ -->\n<title>Contacto - Sellos Generales<\/title>\n<meta name=\"robots\" content=\"index, follow, max-snippet:-1, max-image-preview:large, max-video-preview:-1\" \/>\n<link rel=\"canonical\" href=\"https:\/\/sellosgeneralescr.com\/new\/contactenos\/\" \/>\n<meta property=\"og:locale\" content=\"en_US\" \/>\n<meta property=\"og:type\" content=\"article\" \/>\n<meta property=\"og:title\" content=\"Contacto - Sellos Generales\" \/>\n<meta property=\"og:description\" content=\"Cont\u00e1ctenos Oficinas Centrales Tib\u00e1s, San Jos\u00e9, Costa Rica Apartado #1802-1100 Tibas Direcci\u00f3n: 75 metros al oeste del Costado oeste Estadio Municipal de Tibas. Tel\u00e9fonos: Ll\u00e1manos a cualquiera de nuestros n\u00fameros tel\u00e9fonicos y con gusto uno de nuestros operadores lo atendera: 2236 6313 \/ 2236 4635 2297 1802 \/ 2235 4453 2297 1802 \/ 2235 4373 [&hellip;]\" \/>\n<meta property=\"og:url\" content=\"https:\/\/sellosgeneralescr.com\/new\/contactenos\/\" \/>\n<meta property=\"og:site_name\" content=\"Sellos Generales\" \/>\n<meta property=\"article:modified_time\" content=\"2022-08-29T11:30:34+00:00\" \/>\n<meta property=\"og:image\" content=\"https:\/\/sellosgeneralescr.com\/new\/wp-content\/uploads\/2022\/08\/Sellos-covers-contactanos.png\" \/>\n\t<meta property=\"og:image:width\" content=\"1920\" \/>\n\t<meta property=\"og:image:height\" content=\"600\" \/>\n\t<meta property=\"og:image:type\" content=\"image\/png\" \/>\n<meta name=\"twitter:card\" content=\"summary_large_image\" \/>\n<meta name=\"twitter:label1\" content=\"Est. reading time\" \/>\n\t<meta name=\"twitter:data1\" content=\"1 minute\" \/>\n<script type=\"application\/ld+json\" class=\"yoast-schema-graph\">{\"@context\":\"https:\/\/schema.org\",\"@graph\":[{\"@type\":\"WebSite\",\"@id\":\"https:\/\/sellosgeneralescr.com\/new\/#website\",\"url\":\"https:\/\/sellosgeneralescr.com\/new\/\",\"name\":\"Sellos Generales\",\"description\":\"Guillermo Rodr\u00edguez Rojas\",\"potentialAction\":[{\"@type\":\"SearchAction\",\"target\":{\"@type\":\"EntryPoint\",\"urlTemplate\":\"https:\/\/sellosgeneralescr.com\/new\/?s={search_term_string}\"},\"query-input\":\"required name=search_term_string\"}],\"inLanguage\":\"en-US\"},{\"@type\":\"ImageObject\",\"inLanguage\":\"en-US\",\"@id\":\"https:\/\/sellosgeneralescr.com\/new\/contactenos\/#primaryimage\",\"url\":\"https:\/\/sellosgeneralescr.com\/new\/wp-content\/uploads\/2022\/08\/Sellos-covers-contactanos.png\",\"contentUrl\":\"https:\/\/sellosgeneralescr.com\/new\/wp-content\/uploads\/2022\/08\/Sellos-covers-contactanos.png\",\"width\":1920,\"height\":600,\"caption\":\"Cont\u00e1ctenos\"},{\"@type\":\"WebPage\",\"@id\":\"https:\/\/sellosgeneralescr.com\/new\/contactenos\/#webpage\",\"url\":\"https:\/\/sellosgeneralescr.com\/new\/contactenos\/\",\"name\":\"Contacto - Sellos Generales\",\"isPartOf\":{\"@id\":\"https:\/\/sellosgeneralescr.com\/new\/#website\"},\"primaryImageOfPage\":{\"@id\":\"https:\/\/sellosgeneralescr.com\/new\/contactenos\/#primaryimage\"},\"datePublished\":\"2020-08-20T10:02:57+00:00\",\"dateModified\":\"2022-08-29T11:30:34+00:00\",\"breadcrumb\":{\"@id\":\"https:\/\/sellosgeneralescr.com\/new\/contactenos\/#breadcrumb\"},\"inLanguage\":\"en-US\",\"potentialAction\":[{\"@type\":\"ReadAction\",\"target\":[\"https:\/\/sellosgeneralescr.com\/new\/contactenos\/\"]}]},{\"@type\":\"BreadcrumbList\",\"@id\":\"https:\/\/sellosgeneralescr.com\/new\/contactenos\/#breadcrumb\",\"itemListElement\":[{\"@type\":\"ListItem\",\"position\":1,\"name\":\"Home\",\"item\":\"https:\/\/sellosgeneralescr.com\/new\/\"},{\"@type\":\"ListItem\",\"position\":2,\"name\":\"Contacto\"}]}]}<\/script>\n<!-- \/ Yoast SEO plugin. -->","yoast_head_json":{"title":"Contacto - Sellos Generales","robots":{"index":"index","follow":"follow","max-snippet":"max-snippet:-1","max-image-preview":"max-image-preview:large","max-video-preview":"max-video-preview:-1"},"canonical":"https:\/\/sellosgeneralescr.com\/new\/contactenos\/","og_locale":"en_US","og_type":"article","og_title":"Contacto - Sellos Generales","og_description":"Cont\u00e1ctenos Oficinas Centrales Tib\u00e1s, San Jos\u00e9, Costa Rica Apartado #1802-1100 Tibas Direcci\u00f3n: 75 metros al oeste del Costado oeste Estadio Municipal de Tibas. Tel\u00e9fonos: Ll\u00e1manos a cualquiera de nuestros n\u00fameros tel\u00e9fonicos y con gusto uno de nuestros operadores lo atendera: 2236 6313 \/ 2236 4635 2297 1802 \/ 2235 4453 2297 1802 \/ 2235 4373 [&hellip;]","og_url":"https:\/\/sellosgeneralescr.com\/new\/contactenos\/","og_site_name":"Sellos Generales","article_modified_time":"2022-08-29T11:30:34+00:00","og_image":[{"width":1920,"height":600,"url":"https:\/\/sellosgeneralescr.com\/new\/wp-content\/uploads\/2022\/08\/Sellos-covers-contactanos.png","type":"image\/png"}],"twitter_card":"summary_large_image","twitter_misc":{"Est. reading time":"1 minute"},"schema":{"@context":"https:\/\/schema.org","@graph":[{"@type":"WebSite","@id":"https:\/\/sellosgeneralescr.com\/new\/#website","url":"https:\/\/sellosgeneralescr.com\/new\/","name":"Sellos Generales","description":"Guillermo Rodr\u00edguez Rojas","potentialAction":[{"@type":"SearchAction","target":{"@type":"EntryPoint","urlTemplate":"https:\/\/sellosgeneralescr.com\/new\/?s={search_term_string}"},"query-input":"required name=search_term_string"}],"inLanguage":"en-US"},{"@type":"ImageObject","inLanguage":"en-US","@id":"https:\/\/sellosgeneralescr.com\/new\/contactenos\/#primaryimage","url":"https:\/\/sellosgeneralescr.com\/new\/wp-content\/uploads\/2022\/08\/Sellos-covers-contactanos.png","contentUrl":"https:\/\/sellosgeneralescr.com\/new\/wp-content\/uploads\/2022\/08\/Sellos-covers-contactanos.png","width":1920,"height":600,"caption":"Cont\u00e1ctenos"},{"@type":"WebPage","@id":"https:\/\/sellosgeneralescr.com\/new\/contactenos\/#webpage","url":"https:\/\/sellosgeneralescr.com\/new\/contactenos\/","name":"Contacto - Sellos Generales","isPartOf":{"@id":"https:\/\/sellosgeneralescr.com\/new\/#website"},"primaryImageOfPage":{"@id":"https:\/\/sellosgeneralescr.com\/new\/contactenos\/#primaryimage"},"datePublished":"2020-08-20T10:02:57+00:00","dateModified":"2022-08-29T11:30:34+00:00","breadcrumb":{"@id":"https:\/\/sellosgeneralescr.com\/new\/contactenos\/#breadcrumb"},"inLanguage":"en-US","potentialAction":[{"@type":"ReadAction","target":["https:\/\/sellosgeneralescr.com\/new\/contactenos\/"]}]},{"@type":"BreadcrumbList","@id":"https:\/\/sellosgeneralescr.com\/new\/contactenos\/#breadcrumb","itemListElement":[{"@type":"ListItem","position":1,"name":"Home","item":"https:\/\/sellosgeneralescr.com\/new\/"},{"@type":"ListItem","position":2,"name":"Contacto"}]}]}},"uagb_featured_image_src":{"full":["https:\/\/sellosgeneralescr.com\/new\/wp-content\/uploads\/2022\/08\/Sellos-covers-contactanos.png",1920,600,false],"thumbnail":["https:\/\/sellosgeneralescr.com\/new\/wp-content\/uploads\/2022\/08\/Sellos-covers-contactanos.png",150,47,false],"medium":["https:\/\/sellosgeneralescr.com\/new\/wp-content\/uploads\/2022\/08\/Sellos-covers-contactanos.png",300,94,false],"medium_large":["https:\/\/sellosgeneralescr.com\/new\/wp-content\/uploads\/2022\/08\/Sellos-covers-contactanos.png",640,200,false],"large":["https:\/\/sellosgeneralescr.com\/new\/wp-content\/uploads\/2022\/08\/Sellos-covers-contactanos.png",640,200,false],"1536x1536":["https:\/\/sellosgeneralescr.com\/new\/wp-content\/uploads\/2022\/08\/Sellos-covers-contactanos.png",1536,480,false],"2048x2048":["https:\/\/sellosgeneralescr.com\/new\/wp-content\/uploads\/2022\/08\/Sellos-covers-contactanos.png",1920,600,false],"mailpoet_newsletter_max":["https:\/\/sellosgeneralescr.com\/new\/wp-content\/uploads\/2022\/08\/Sellos-covers-contactanos.png",1320,413,false],"detail":["https:\/\/sellosgeneralescr.com\/new\/wp-content\/uploads\/2022\/08\/Sellos-covers-contactanos.png",150,47,false],"woocommerce_thumbnail":["https:\/\/sellosgeneralescr.com\/new\/wp-content\/uploads\/2022\/08\/Sellos-covers-contactanos.png",300,94,false],"woocommerce_single":["https:\/\/sellosgeneralescr.com\/new\/wp-content\/uploads\/2022\/08\/Sellos-covers-contactanos.png",600,188,false],"woocommerce_gallery_thumbnail":["https:\/\/sellosgeneralescr.com\/new\/wp-content\/uploads\/2022\/08\/Sellos-covers-contactanos-100x100.png",100,100,true],"shop_catalog":["https:\/\/sellosgeneralescr.com\/new\/wp-content\/uploads\/2022\/08\/Sellos-covers-contactanos.png",300,94,false],"shop_single":["https:\/\/sellosgeneralescr.com\/new\/wp-content\/uploads\/2022\/08\/Sellos-covers-contactanos.png",600,188,false],"shop_thumbnail":["https:\/\/sellosgeneralescr.com\/new\/wp-content\/uploads\/2022\/08\/Sellos-covers-contactanos-100x100.png",100,100,true],"variation_swatches_image_size":["https:\/\/sellosgeneralescr.com\/new\/wp-content\/uploads\/2022\/08\/Sellos-covers-contactanos.png",50,16,false],"variation_swatches_tooltip_size":["https:\/\/sellosgeneralescr.com\/new\/wp-content\/uploads\/2022\/08\/Sellos-covers-contactanos.png",100,31,false]},"uagb_author_info":{"display_name":"selloscr","author_link":"https:\/\/sellosgeneralescr.com\/new\/author\/selloscr\/"},"uagb_comment_info":0,"uagb_excerpt":"Cont\u00e1ctenos Oficinas Centrales Tib\u00e1s, San Jos\u00e9, Costa Rica Apartado #1802-1100 Tibas Direcci\u00f3n: 75 metros al oeste del Costado oeste Estadio Municipal de Tibas. Tel\u00e9fonos: Ll\u00e1manos a cualquiera de nuestros n\u00fameros tel\u00e9fonicos y con gusto uno de nuestros operadores lo atendera: 2236 6313 \/ 2236 4635 2297 1802 \/ 2235 4453 2297 1802 \/ 2235 4373&hellip;","_links":{"self":[{"href":"https:\/\/sellosgeneralescr.com\/new\/wp-json\/wp\/v2\/pages\/120","targetHints":{"allow":["GET"]}}],"collection":[{"href":"https:\/\/sellosgeneralescr.com\/new\/wp-json\/wp\/v2\/pages"}],"about":[{"href":"https:\/\/sellosgeneralescr.com\/new\/wp-json\/wp\/v2\/types\/page"}],"author":[{"embeddable":true,"href":"https:\/\/sellosgeneralescr.com\/new\/wp-json\/wp\/v2\/users\/1"}],"replies":[{"embeddable":true,"href":"https:\/\/sellosgeneralescr.com\/new\/wp-json\/wp\/v2\/comments?post=120"}],"version-history":[{"count":56,"href":"https:\/\/sellosgeneralescr.com\/new\/wp-json\/wp\/v2\/pages\/120\/revisions"}],"predecessor-version":[{"id":954,"href":"https:\/\/sellosgeneralescr.com\/new\/wp-json\/wp\/v2\/pages\/120\/revisions\/954"}],"wp:featuredmedia":[{"embeddable":true,"href":"https:\/\/sellosgeneralescr.com\/new\/wp-json\/wp\/v2\/media\/945"}],"wp:attachment":[{"href":"https:\/\/sellosgeneralescr.com\/new\/wp-json\/wp\/v2\/media?parent=120"}],"curies":[{"name":"wp","href":"https:\/\/api.w.org\/{rel}","templated":true}]}}