{"id":762,"date":"2022-08-06T06:42:09","date_gmt":"2022-08-06T06:42:09","guid":{"rendered":"https:\/\/localhost\/sellosnew\/?page_id=762"},"modified":"2022-08-31T21:40:23","modified_gmt":"2022-08-31T21:40:23","slug":"inicio","status":"publish","type":"page","link":"https:\/\/sellosgeneralescr.com\/new\/","title":{"rendered":"Inicio"},"content":{"rendered":"<div class=\"container\">\n<div class=\"row text-center\">\n<div class=\"col-6 col-lg-3 px-4 h-100\"><img decoding=\"async\" class=\"alignnone size-full wp-image-720 m-3\" src=\"https:\/\/sellosgeneralescr.com\/new\/wp-content\/uploads\/2022\/08\/icono_sello_automaticos-md.svg\" alt=\"icono_sello_automaticos\"><\/p>\n<h3>Sellos Autom\u00e1ticos<\/h3>\n<p>El sello autom\u00e1tico es un dispositivo que alberga en su interior una almohadilla incorporada&#8230;<\/p>\n<p><a class=\"btn btn-primary\" href=\"https:\/\/sellosgeneralescr.com\/new\/productos\/sellos-automaticos\/\" data-wplink-url-error=\"true\">M\u00e1s Informaci\u00f3n<\/a><\/p>\n<\/div>\n<div class=\"col-6 col-lg-3 px-4 h-100\"><img decoding=\"async\" class=\"m-3 alignnone wp-image-694 size-full\" src=\"https:\/\/sellosgeneralescr.com\/new\/wp-content\/uploads\/2022\/08\/icono_sello_oficina-md.svg\" alt=\"icono_sello_oficina\" width=\"60\" height=\"60\"><\/p>\n<h3>Sellos para Oficina<\/h3>\n<p>Los Sellos de Oficina GRM, el sello ideal para todos aquellos que sellan con frecuencia&#8230;<\/p>\n<p><a class=\"btn btn-primary\" href=\"https:\/\/sellosgeneralescr.com\/new\/sellos-automaticos\/\" data-wplink-url-error=\"true\">M\u00e1s Informaci\u00f3n<\/a><\/p>\n<\/div>\n<div class=\"col-6 col-lg-3 px-4 h-100\">\n<p><img decoding=\"async\" class=\"m-3 wp-image-679 size-full\" src=\"https:\/\/sellosgeneralescr.com\/new\/wp-content\/uploads\/2022\/08\/icono_sello_blanco-md.svg\" alt=\"icono_sello_blanco\"><\/p>\n<h3>Sellos Blancos<\/h3>\n<p>Nuestros modelos ofrecen ahora un mejor movimiento de palanca y mayor fuerza&#8230;<\/p>\n<p><a class=\"btn btn-primary\" href=\"#\">M\u00e1s Informaci\u00f3n<\/a><\/p>\n<\/div>\n<div class=\"col-6 col-lg-3 px-4 h-100\"><img decoding=\"async\" class=\"m-3 alignnone wp-image-820 size-full\" src=\"https:\/\/sellosgeneralescr.com\/new\/wp-content\/uploads\/2022\/08\/icono_suministros-md.svg\" alt=\"Suministros\"><\/p>\n<h3>Suministros<\/h3>\n<p>Almohadillas, tintas, y todos los suministros necesarios para todas nuestras l\u00edneas de productos&#8230;<\/p>\n<p><a class=\"btn btn-primary\" href=\"https:\/\/sellosgeneralescr.com\/new\/productos\/sellos-de-bolsillo\/\">M\u00e1s Informaci\u00f3n<\/a><\/p>\n<\/div>\n<\/div>\n<\/div>\n<p><!-- START THE FEATURETTES --><\/p>\n<div class=\"\">\n<div class=\"container\">\n<hr class=\"featurette-divider\">\n<div class=\"row  align-items-center\">\n<div class=\"col-md-5 order-md-2\">\n<p><img decoding=\"async\" class=\"alignnone wp-image-847 size-full\" src=\"https:\/\/sellosgeneralescr.com\/new\/wp-content\/uploads\/2022\/08\/tintas-para-sellos-1.png\" alt=\"TINTAS ECOL\u00d3GICAS\" width=\"600\" height=\"500\"><\/p>\n<\/div>\n<div class=\"col-md-7 order-md-1\">\n<h2 class=\"featurette-heading\">Tintas Ecol\u00f3gicas <span class=\"text-muted\">en armon\u00eda con el ambiente.<\/span><\/h2>\n<p class=\"lead\">Tintas Ecol\u00f3gicas NORIS a vase de agua.<\/p>\n<p><a class=\"btn btn-outline-primary\" href=\"#\">M\u00e1s Informaci\u00f3n<\/a><\/p>\n<\/div>\n<\/div>\n<hr class=\"featurette-divider\">\n<div class=\"row  align-items-center\">\n<div class=\"col-md-5 order-md-1\"><img decoding=\"async\" class=\"size-full wp-image-807\" src=\"https:\/\/sellosgeneralescr.com\/new\/wp-content\/uploads\/2022\/08\/sellos-electronicos-1.png\" alt=\"sellos-electronicos\" width=\"600\" height=\"500\"><\/div>\n<div class=\"col-md-7 order-md-2\">\n<h2 class=\"featurette-heading\">Sellos Electr\u00f3nicos. <span class=\"text-muted\">para multiples usos.<\/span><\/h2>\n<p class=\"lead\">Another featurette? Of course. More placeholder content here to give you an idea of how this layout would work with some actual real-world content in place.<\/p>\n<p><a class=\"btn btn-outline-primary\" href=\"#\">M\u00e1s Informaci\u00f3n<\/a><\/p>\n<\/div>\n<\/div>\n<hr class=\"featurette-divider\">\n<div class=\"row  align-items-center\">\n<div class=\"col-md-5 order-md-2\">\n<p><img decoding=\"async\" class=\"wp-image-796 size-full\" src=\"https:\/\/sellosgeneralescr.com\/new\/wp-content\/uploads\/2022\/08\/9511-pocket-printy-1.png\" alt=\"9511-pocket-printy\" width=\"600\" height=\"500\"><\/p>\n<\/div>\n<div class=\"col-md-7 order-md-1\">\n<h2 class=\"featurette-heading\">Sellos de Bolsillos <span class=\"text-muted\">para multiples usos.<\/span><\/h2>\n<p class=\"lead\">Some great placeholder content for the first featurette here. Imagine some exciting prose here.<\/p>\n<p><a class=\"btn btn-outline-primary\" href=\"#\">M\u00e1s Informaci\u00f3n<\/a><\/p>\n<\/div>\n<\/div>\n<hr class=\"featurette-divider\">\n<p><!-- \/END THE FEATURETTES --><\/p>\n<div class=\"row justify-content-center text-center\">\n<h2 class=\"pb-4\">Importadores Directos de:<\/h2>\n<div class=\"col\"><img decoding=\"async\" class=\"p-1 alignnone wp-image-828 size-full px-lg-5 d-block w-100\" src=\"https:\/\/sellosgeneralescr.com\/new\/wp-content\/uploads\/2022\/08\/logo-grm-sm.svg\" alt=\"GRM\"><\/div>\n<div class=\"col\">\n<p><img decoding=\"async\" class=\"p-1 alignnone wp-image-789 size-full px-lg-5 d-block w-100\" src=\"https:\/\/sellosgeneralescr.com\/new\/wp-content\/uploads\/2022\/08\/logo-reiner.svg\" alt=\"REINER\" width=\"120\" height=\"40\"><\/p>\n<\/div>\n<div class=\"col\">\n<p><img decoding=\"async\" class=\"p-1 alignnone wp-image-787 size-full px-lg-5 d-block w-100\" src=\"https:\/\/sellosgeneralescr.com\/new\/wp-content\/uploads\/2022\/08\/logo-trodat.svg\" alt=\"logo-trodat\" width=\"120\" height=\"40\"><\/p>\n<\/div>\n<div class=\"col\">\n<p><img decoding=\"async\" class=\"p-1 alignnone wp-image-1012 size-full px-lg-5 d-block w-100\" src=\"https:\/\/sellosgeneralescr.com\/new\/wp-content\/uploads\/2022\/08\/logo-noris.svg\" alt=\"NORIS\"><\/p>\n<\/div>\n<div class=\"col\">\n<p><img decoding=\"async\" class=\"p-1 alignnone wp-image-1014 size-full px-lg-5 d-block w-100\" src=\"https:\/\/sellosgeneralescr.com\/new\/wp-content\/uploads\/2022\/08\/logo-rigoni.svg\" alt=\"RIGONI\"><\/p>\n<\/div>\n<hr class=\"featurette-divider\">\n<\/div>\n<\/div>\n<p><!-- \/.container --><\/p>\n<\/div>\n","protected":false},"excerpt":{"rendered":"<p>Sellos Autom\u00e1ticos El sello autom\u00e1tico es un dispositivo que alberga en su interior una almohadilla incorporada&#8230; M\u00e1s Informaci\u00f3n Sellos para Oficina Los Sellos de Oficina GRM, el sello ideal para todos aquellos que sellan con frecuencia&#8230; M\u00e1s Informaci\u00f3n Sellos Blancos Nuestros modelos ofrecen ahora un mejor movimiento de palanca y mayor fuerza&#8230; M\u00e1s Informaci\u00f3n Suministros [&hellip;]<\/p>\n","protected":false},"author":1,"featured_media":0,"parent":0,"menu_order":0,"comment_status":"closed","ping_status":"closed","template":"page-templates\/inicio.php","meta":{"footnotes":""},"class_list":["post-762","page","type-page","status-publish","hentry"],"yoast_head":"<!-- This site is optimized with the Yoast SEO plugin v18.9 - https:\/\/yoast.com\/wordpress\/plugins\/seo\/ -->\n<title>Sellos Generales Costa Rica - Con m\u00e1s de 50 a\u00f1os de experiencia<\/title>\n<meta name=\"description\" content=\"Sellos Generales Costa Rica - Guillermo Rodr\u00edguez Rojas, Contamos con una amplia selecci\u00f3n de sellos para todas las necesidades.\" \/>\n<meta name=\"robots\" content=\"index, follow, max-snippet:-1, max-image-preview:large, max-video-preview:-1\" \/>\n<link rel=\"canonical\" href=\"https:\/\/sellosgeneralescr.com\/new\/\" \/>\n<meta property=\"og:locale\" content=\"en_US\" \/>\n<meta property=\"og:type\" content=\"article\" \/>\n<meta property=\"og:title\" content=\"Sellos Generales Costa Rica - Con m\u00e1s de 50 a\u00f1os de experiencia\" \/>\n<meta property=\"og:description\" content=\"Sellos Generales Costa Rica - Guillermo Rodr\u00edguez Rojas, Contamos con una amplia selecci\u00f3n de sellos para todas las necesidades.\" \/>\n<meta property=\"og:url\" content=\"https:\/\/sellosgeneralescr.com\/new\/\" \/>\n<meta property=\"og:site_name\" content=\"Sellos Generales\" \/>\n<meta property=\"article:modified_time\" content=\"2022-08-31T21:40:23+00:00\" \/>\n<meta property=\"og:image\" content=\"https:\/\/sellosgeneralescr.com\/new\/wp-content\/uploads\/2022\/08\/icono_sello_automaticos-md.svg\" \/>\n<meta name=\"twitter:card\" content=\"summary_large_image\" \/>\n<meta name=\"twitter:label1\" content=\"Est. reading time\" \/>\n\t<meta name=\"twitter:data1\" content=\"4 minutes\" \/>\n<script type=\"application\/ld+json\" class=\"yoast-schema-graph\">{\"@context\":\"https:\/\/schema.org\",\"@graph\":[{\"@type\":\"WebSite\",\"@id\":\"https:\/\/sellosgeneralescr.com\/new\/#website\",\"url\":\"https:\/\/sellosgeneralescr.com\/new\/\",\"name\":\"Sellos Generales\",\"description\":\"Guillermo Rodr\u00edguez Rojas\",\"potentialAction\":[{\"@type\":\"SearchAction\",\"target\":{\"@type\":\"EntryPoint\",\"urlTemplate\":\"https:\/\/sellosgeneralescr.com\/new\/?s={search_term_string}\"},\"query-input\":\"required name=search_term_string\"}],\"inLanguage\":\"en-US\"},{\"@type\":\"ImageObject\",\"inLanguage\":\"en-US\",\"@id\":\"https:\/\/sellosgeneralescr.com\/new\/#primaryimage\",\"url\":\"https:\/\/sellosgeneralescr.com\/new\/wp-content\/uploads\/2022\/08\/icono_sello_automaticos-md.svg\",\"contentUrl\":\"https:\/\/sellosgeneralescr.com\/new\/wp-content\/uploads\/2022\/08\/icono_sello_automaticos-md.svg\",\"caption\":\"icono_sello_automaticos\"},{\"@type\":\"WebPage\",\"@id\":\"https:\/\/sellosgeneralescr.com\/new\/#webpage\",\"url\":\"https:\/\/sellosgeneralescr.com\/new\/\",\"name\":\"Sellos Generales Costa Rica - Con m\u00e1s de 50 a\u00f1os de experiencia\",\"isPartOf\":{\"@id\":\"https:\/\/sellosgeneralescr.com\/new\/#website\"},\"primaryImageOfPage\":{\"@id\":\"https:\/\/sellosgeneralescr.com\/new\/#primaryimage\"},\"datePublished\":\"2022-08-06T06:42:09+00:00\",\"dateModified\":\"2022-08-31T21:40:23+00:00\",\"description\":\"Sellos Generales Costa Rica - Guillermo Rodr\u00edguez Rojas, Contamos con una amplia selecci\u00f3n de sellos para todas las necesidades.\",\"breadcrumb\":{\"@id\":\"https:\/\/sellosgeneralescr.com\/new\/#breadcrumb\"},\"inLanguage\":\"en-US\",\"potentialAction\":[{\"@type\":\"ReadAction\",\"target\":[\"https:\/\/sellosgeneralescr.com\/new\/\"]}]},{\"@type\":\"BreadcrumbList\",\"@id\":\"https:\/\/sellosgeneralescr.com\/new\/#breadcrumb\",\"itemListElement\":[{\"@type\":\"ListItem\",\"position\":1,\"name\":\"Home\",\"item\":\"https:\/\/sellosgeneralescr.com\/new\/\"},{\"@type\":\"ListItem\",\"position\":2,\"name\":\"Inicio\"}]}]}<\/script>\n<!-- \/ Yoast SEO plugin. -->","yoast_head_json":{"title":"Sellos Generales Costa Rica - Con m\u00e1s de 50 a\u00f1os de experiencia","description":"Sellos Generales Costa Rica - Guillermo Rodr\u00edguez Rojas, Contamos con una amplia selecci\u00f3n de sellos para todas las necesidades.","robots":{"index":"index","follow":"follow","max-snippet":"max-snippet:-1","max-image-preview":"max-image-preview:large","max-video-preview":"max-video-preview:-1"},"canonical":"https:\/\/sellosgeneralescr.com\/new\/","og_locale":"en_US","og_type":"article","og_title":"Sellos Generales Costa Rica - Con m\u00e1s de 50 a\u00f1os de experiencia","og_description":"Sellos Generales Costa Rica - Guillermo Rodr\u00edguez Rojas, Contamos con una amplia selecci\u00f3n de sellos para todas las necesidades.","og_url":"https:\/\/sellosgeneralescr.com\/new\/","og_site_name":"Sellos Generales","article_modified_time":"2022-08-31T21:40:23+00:00","og_image":[{"url":"https:\/\/sellosgeneralescr.com\/new\/wp-content\/uploads\/2022\/08\/icono_sello_automaticos-md.svg"}],"twitter_card":"summary_large_image","twitter_misc":{"Est. reading time":"4 minutes"},"schema":{"@context":"https:\/\/schema.org","@graph":[{"@type":"WebSite","@id":"https:\/\/sellosgeneralescr.com\/new\/#website","url":"https:\/\/sellosgeneralescr.com\/new\/","name":"Sellos Generales","description":"Guillermo Rodr\u00edguez Rojas","potentialAction":[{"@type":"SearchAction","target":{"@type":"EntryPoint","urlTemplate":"https:\/\/sellosgeneralescr.com\/new\/?s={search_term_string}"},"query-input":"required name=search_term_string"}],"inLanguage":"en-US"},{"@type":"ImageObject","inLanguage":"en-US","@id":"https:\/\/sellosgeneralescr.com\/new\/#primaryimage","url":"https:\/\/sellosgeneralescr.com\/new\/wp-content\/uploads\/2022\/08\/icono_sello_automaticos-md.svg","contentUrl":"https:\/\/sellosgeneralescr.com\/new\/wp-content\/uploads\/2022\/08\/icono_sello_automaticos-md.svg","caption":"icono_sello_automaticos"},{"@type":"WebPage","@id":"https:\/\/sellosgeneralescr.com\/new\/#webpage","url":"https:\/\/sellosgeneralescr.com\/new\/","name":"Sellos Generales Costa Rica - Con m\u00e1s de 50 a\u00f1os de experiencia","isPartOf":{"@id":"https:\/\/sellosgeneralescr.com\/new\/#website"},"primaryImageOfPage":{"@id":"https:\/\/sellosgeneralescr.com\/new\/#primaryimage"},"datePublished":"2022-08-06T06:42:09+00:00","dateModified":"2022-08-31T21:40:23+00:00","description":"Sellos Generales Costa Rica - Guillermo Rodr\u00edguez Rojas, Contamos con una amplia selecci\u00f3n de sellos para todas las necesidades.","breadcrumb":{"@id":"https:\/\/sellosgeneralescr.com\/new\/#breadcrumb"},"inLanguage":"en-US","potentialAction":[{"@type":"ReadAction","target":["https:\/\/sellosgeneralescr.com\/new\/"]}]},{"@type":"BreadcrumbList","@id":"https:\/\/sellosgeneralescr.com\/new\/#breadcrumb","itemListElement":[{"@type":"ListItem","position":1,"name":"Home","item":"https:\/\/sellosgeneralescr.com\/new\/"},{"@type":"ListItem","position":2,"name":"Inicio"}]}]}},"uagb_featured_image_src":{"full":false,"thumbnail":false,"medium":false,"medium_large":false,"large":false,"1536x1536":false,"2048x2048":false,"mailpoet_newsletter_max":false,"detail":false,"woocommerce_thumbnail":false,"woocommerce_single":false,"woocommerce_gallery_thumbnail":false,"shop_catalog":false,"shop_single":false,"shop_thumbnail":false,"variation_swatches_image_size":false,"variation_swatches_tooltip_size":false},"uagb_author_info":{"display_name":"selloscr","author_link":"https:\/\/sellosgeneralescr.com\/new\/author\/selloscr\/"},"uagb_comment_info":0,"uagb_excerpt":"Sellos Autom\u00e1ticos El sello autom\u00e1tico es un dispositivo que alberga en su interior una almohadilla incorporada&#8230; M\u00e1s Informaci\u00f3n Sellos para Oficina Los Sellos de Oficina GRM, el sello ideal para todos aquellos que sellan con frecuencia&#8230; M\u00e1s Informaci\u00f3n Sellos Blancos Nuestros modelos ofrecen ahora un mejor movimiento de palanca y mayor fuerza&#8230; M\u00e1s Informaci\u00f3n Suministros&hellip;","_links":{"self":[{"href":"https:\/\/sellosgeneralescr.com\/new\/wp-json\/wp\/v2\/pages\/762","targetHints":{"allow":["GET"]}}],"collection":[{"href":"https:\/\/sellosgeneralescr.com\/new\/wp-json\/wp\/v2\/pages"}],"about":[{"href":"https:\/\/sellosgeneralescr.com\/new\/wp-json\/wp\/v2\/types\/page"}],"author":[{"embeddable":true,"href":"https:\/\/sellosgeneralescr.com\/new\/wp-json\/wp\/v2\/users\/1"}],"replies":[{"embeddable":true,"href":"https:\/\/sellosgeneralescr.com\/new\/wp-json\/wp\/v2\/comments?post=762"}],"version-history":[{"count":57,"href":"https:\/\/sellosgeneralescr.com\/new\/wp-json\/wp\/v2\/pages\/762\/revisions"}],"predecessor-version":[{"id":1052,"href":"https:\/\/sellosgeneralescr.com\/new\/wp-json\/wp\/v2\/pages\/762\/revisions\/1052"}],"wp:attachment":[{"href":"https:\/\/sellosgeneralescr.com\/new\/wp-json\/wp\/v2\/media?parent=762"}],"curies":[{"name":"wp","href":"https:\/\/api.w.org\/{rel}","templated":true}]}}