{"id":770,"date":"2022-08-08T21:38:00","date_gmt":"2022-08-08T21:38:00","guid":{"rendered":"https:\/\/localhost\/sellosnew\/?post_type=product&#038;p=770"},"modified":"2022-08-31T19:12:47","modified_gmt":"2022-08-31T19:12:47","slug":"jetstamp-790-791-792","status":"publish","type":"product","link":"https:\/\/sellosgeneralescr.com\/new\/producto\/jetstamp-790-791-792\/","title":{"rendered":"jetStamp 790 \/ 791 \/ 792"},"content":{"rendered":"<p>Sello electr\u00f3nico port\u00e1til. Imprime n\u00fameros, hora y texto en un m\u00e1ximo de dos l\u00edneas, de forma r\u00e1pida y silenciosa. Sobre cualquier superficie: planas e irregulares, gruesas, finas, documentos y sobres.<\/p>\n<p>Su funcionamiento con bater\u00eda garantiza una movilidad total.<\/p>\n<h5>Caracter\u00edsticas<\/h5>\n<p>\u2022 Impresi\u00f3n de una o dos l\u00edneas de n\u00famero, fecha, hora y texto.<br \/>\n\u2022 25 formatos diferentes de impresi\u00f3n predeterminados en memoria.<br \/>\n\u2022 Posibilidad de memorizar hasta 4 textos personalizados.<br \/>\n\u2022 Adaptaci\u00f3n r\u00e1pida a las necesidades variables de marcaje.<\/p>\n","protected":false},"excerpt":{"rendered":"<div class=\"py-3 border-top\">\n<img decoding=\"async\" src=\"https:\/\/sellosgeneralescr.com\/new\/wp-content\/uploads\/2022\/08\/logo-reiner.svg\" alt=\"REINER\" class=\"alignnone size-full wp-image-789\" \/>\n<\/div>\n","protected":false},"featured_media":809,"template":"","meta":[],"product_cat":[41],"product_tag":[],"class_list":["post-770","product","type-product","status-publish","has-post-thumbnail","hentry","product_cat-sellos-electricos"],"yoast_head":"<!-- This site is optimized with the Yoast SEO plugin v18.9 - https:\/\/yoast.com\/wordpress\/plugins\/seo\/ -->\n<title>jetStamp 790 \/ 791 \/ 792 - Sellos Generales<\/title>\n<meta name=\"description\" content=\"100 Sello Blanco Industrial, Notario, Sello de Agua, Sello Notarial, \u00d8 41mm | Dimensiones m\u00e1x. de la pinza porta-placaSello electr\u00f3nico port\u00e1til. Imprime n\u00fameros, hora y texto en un m\u00e1ximo de dos l\u00edneas, de forma r\u00e1pida y silenciosa. Sobre cualquier superf\u00edcie: planas e irregulares, gruesas, finas, documentos y sobres.Su funcionamiento con bater\u00eda garantiza una movilidad total.\" \/>\n<meta name=\"robots\" content=\"index, follow, max-snippet:-1, max-image-preview:large, max-video-preview:-1\" \/>\n<link rel=\"canonical\" href=\"https:\/\/sellosgeneralescr.com\/new\/producto\/jetstamp-790-791-792\/\" \/>\n<meta property=\"og:locale\" content=\"en_US\" \/>\n<meta property=\"og:type\" content=\"article\" \/>\n<meta property=\"og:title\" content=\"jetStamp 790 \/ 791 \/ 792 - Sellos Generales\" \/>\n<meta property=\"og:description\" content=\"100 Sello Blanco Industrial, Notario, Sello de Agua, Sello Notarial, \u00d8 41mm | Dimensiones m\u00e1x. de la pinza porta-placaSello electr\u00f3nico port\u00e1til. Imprime n\u00fameros, hora y texto en un m\u00e1ximo de dos l\u00edneas, de forma r\u00e1pida y silenciosa. Sobre cualquier superf\u00edcie: planas e irregulares, gruesas, finas, documentos y sobres.Su funcionamiento con bater\u00eda garantiza una movilidad total.\" \/>\n<meta property=\"og:url\" content=\"https:\/\/sellosgeneralescr.com\/new\/producto\/jetstamp-790-791-792\/\" \/>\n<meta property=\"og:site_name\" content=\"Sellos Generales\" \/>\n<meta property=\"article:modified_time\" content=\"2022-08-31T19:12:47+00:00\" \/>\n<meta property=\"og:image\" content=\"https:\/\/sellosgeneralescr.com\/new\/wp-content\/uploads\/2022\/08\/457.png\" \/>\n\t<meta property=\"og:image:width\" content=\"999\" \/>\n\t<meta property=\"og:image:height\" content=\"999\" \/>\n\t<meta property=\"og:image:type\" content=\"image\/png\" \/>\n<meta name=\"twitter:card\" content=\"summary_large_image\" \/>\n<meta name=\"twitter:label1\" content=\"Est. reading time\" \/>\n\t<meta name=\"twitter:data1\" content=\"1 minute\" \/>\n<script type=\"application\/ld+json\" class=\"yoast-schema-graph\">{\"@context\":\"https:\/\/schema.org\",\"@graph\":[{\"@type\":\"WebSite\",\"@id\":\"https:\/\/sellosgeneralescr.com\/new\/#website\",\"url\":\"https:\/\/sellosgeneralescr.com\/new\/\",\"name\":\"Sellos Generales\",\"description\":\"Guillermo Rodr\u00edguez Rojas\",\"potentialAction\":[{\"@type\":\"SearchAction\",\"target\":{\"@type\":\"EntryPoint\",\"urlTemplate\":\"https:\/\/sellosgeneralescr.com\/new\/?s={search_term_string}\"},\"query-input\":\"required name=search_term_string\"}],\"inLanguage\":\"en-US\"},{\"@type\":\"ImageObject\",\"inLanguage\":\"en-US\",\"@id\":\"https:\/\/sellosgeneralescr.com\/new\/producto\/jetstamp-790-791-792\/#primaryimage\",\"url\":\"https:\/\/sellosgeneralescr.com\/new\/wp-content\/uploads\/2022\/08\/457.png\",\"contentUrl\":\"https:\/\/sellosgeneralescr.com\/new\/wp-content\/uploads\/2022\/08\/457.png\",\"width\":999,\"height\":999,\"caption\":\"jetStamp 790 \/ 791 \/ 792\"},{\"@type\":\"WebPage\",\"@id\":\"https:\/\/sellosgeneralescr.com\/new\/producto\/jetstamp-790-791-792\/#webpage\",\"url\":\"https:\/\/sellosgeneralescr.com\/new\/producto\/jetstamp-790-791-792\/\",\"name\":\"jetStamp 790 \/ 791 \/ 792 - Sellos Generales\",\"isPartOf\":{\"@id\":\"https:\/\/sellosgeneralescr.com\/new\/#website\"},\"primaryImageOfPage\":{\"@id\":\"https:\/\/sellosgeneralescr.com\/new\/producto\/jetstamp-790-791-792\/#primaryimage\"},\"datePublished\":\"2022-08-08T21:38:00+00:00\",\"dateModified\":\"2022-08-31T19:12:47+00:00\",\"description\":\"100 Sello Blanco Industrial, Notario, Sello de Agua, Sello Notarial, \u00d8 41mm | Dimensiones m\u00e1x. de la pinza porta-placaSello electr\u00f3nico port\u00e1til. Imprime n\u00fameros, hora y texto en un m\u00e1ximo de dos l\u00edneas, de forma r\u00e1pida y silenciosa. Sobre cualquier superf\u00edcie: planas e irregulares, gruesas, finas, documentos y sobres.Su funcionamiento con bater\u00eda garantiza una movilidad total.\",\"breadcrumb\":{\"@id\":\"https:\/\/sellosgeneralescr.com\/new\/producto\/jetstamp-790-791-792\/#breadcrumb\"},\"inLanguage\":\"en-US\",\"potentialAction\":[{\"@type\":\"ReadAction\",\"target\":[\"https:\/\/sellosgeneralescr.com\/new\/producto\/jetstamp-790-791-792\/\"]}]},{\"@type\":\"BreadcrumbList\",\"@id\":\"https:\/\/sellosgeneralescr.com\/new\/producto\/jetstamp-790-791-792\/#breadcrumb\",\"itemListElement\":[{\"@type\":\"ListItem\",\"position\":1,\"name\":\"Home\",\"item\":\"https:\/\/sellosgeneralescr.com\/new\/\"},{\"@type\":\"ListItem\",\"position\":2,\"name\":\"Productos\",\"item\":\"https:\/\/sellosgeneralescr.com\/new\/productos\/\"},{\"@type\":\"ListItem\",\"position\":3,\"name\":\"jetStamp 790 \/ 791 \/ 792\"}]}]}<\/script>\n<!-- \/ Yoast SEO plugin. -->","yoast_head_json":{"title":"jetStamp 790 \/ 791 \/ 792 - Sellos Generales","description":"100 Sello Blanco Industrial, Notario, Sello de Agua, Sello Notarial, \u00d8 41mm | Dimensiones m\u00e1x. de la pinza porta-placaSello electr\u00f3nico port\u00e1til. Imprime n\u00fameros, hora y texto en un m\u00e1ximo de dos l\u00edneas, de forma r\u00e1pida y silenciosa. Sobre cualquier superf\u00edcie: planas e irregulares, gruesas, finas, documentos y sobres.Su funcionamiento con bater\u00eda garantiza una movilidad total.","robots":{"index":"index","follow":"follow","max-snippet":"max-snippet:-1","max-image-preview":"max-image-preview:large","max-video-preview":"max-video-preview:-1"},"canonical":"https:\/\/sellosgeneralescr.com\/new\/producto\/jetstamp-790-791-792\/","og_locale":"en_US","og_type":"article","og_title":"jetStamp 790 \/ 791 \/ 792 - Sellos Generales","og_description":"100 Sello Blanco Industrial, Notario, Sello de Agua, Sello Notarial, \u00d8 41mm | Dimensiones m\u00e1x. de la pinza porta-placaSello electr\u00f3nico port\u00e1til. Imprime n\u00fameros, hora y texto en un m\u00e1ximo de dos l\u00edneas, de forma r\u00e1pida y silenciosa. Sobre cualquier superf\u00edcie: planas e irregulares, gruesas, finas, documentos y sobres.Su funcionamiento con bater\u00eda garantiza una movilidad total.","og_url":"https:\/\/sellosgeneralescr.com\/new\/producto\/jetstamp-790-791-792\/","og_site_name":"Sellos Generales","article_modified_time":"2022-08-31T19:12:47+00:00","og_image":[{"width":999,"height":999,"url":"https:\/\/sellosgeneralescr.com\/new\/wp-content\/uploads\/2022\/08\/457.png","type":"image\/png"}],"twitter_card":"summary_large_image","twitter_misc":{"Est. reading time":"1 minute"},"schema":{"@context":"https:\/\/schema.org","@graph":[{"@type":"WebSite","@id":"https:\/\/sellosgeneralescr.com\/new\/#website","url":"https:\/\/sellosgeneralescr.com\/new\/","name":"Sellos Generales","description":"Guillermo Rodr\u00edguez Rojas","potentialAction":[{"@type":"SearchAction","target":{"@type":"EntryPoint","urlTemplate":"https:\/\/sellosgeneralescr.com\/new\/?s={search_term_string}"},"query-input":"required name=search_term_string"}],"inLanguage":"en-US"},{"@type":"ImageObject","inLanguage":"en-US","@id":"https:\/\/sellosgeneralescr.com\/new\/producto\/jetstamp-790-791-792\/#primaryimage","url":"https:\/\/sellosgeneralescr.com\/new\/wp-content\/uploads\/2022\/08\/457.png","contentUrl":"https:\/\/sellosgeneralescr.com\/new\/wp-content\/uploads\/2022\/08\/457.png","width":999,"height":999,"caption":"jetStamp 790 \/ 791 \/ 792"},{"@type":"WebPage","@id":"https:\/\/sellosgeneralescr.com\/new\/producto\/jetstamp-790-791-792\/#webpage","url":"https:\/\/sellosgeneralescr.com\/new\/producto\/jetstamp-790-791-792\/","name":"jetStamp 790 \/ 791 \/ 792 - Sellos Generales","isPartOf":{"@id":"https:\/\/sellosgeneralescr.com\/new\/#website"},"primaryImageOfPage":{"@id":"https:\/\/sellosgeneralescr.com\/new\/producto\/jetstamp-790-791-792\/#primaryimage"},"datePublished":"2022-08-08T21:38:00+00:00","dateModified":"2022-08-31T19:12:47+00:00","description":"100 Sello Blanco Industrial, Notario, Sello de Agua, Sello Notarial, \u00d8 41mm | Dimensiones m\u00e1x. de la pinza porta-placaSello electr\u00f3nico port\u00e1til. Imprime n\u00fameros, hora y texto en un m\u00e1ximo de dos l\u00edneas, de forma r\u00e1pida y silenciosa. Sobre cualquier superf\u00edcie: planas e irregulares, gruesas, finas, documentos y sobres.Su funcionamiento con bater\u00eda garantiza una movilidad total.","breadcrumb":{"@id":"https:\/\/sellosgeneralescr.com\/new\/producto\/jetstamp-790-791-792\/#breadcrumb"},"inLanguage":"en-US","potentialAction":[{"@type":"ReadAction","target":["https:\/\/sellosgeneralescr.com\/new\/producto\/jetstamp-790-791-792\/"]}]},{"@type":"BreadcrumbList","@id":"https:\/\/sellosgeneralescr.com\/new\/producto\/jetstamp-790-791-792\/#breadcrumb","itemListElement":[{"@type":"ListItem","position":1,"name":"Home","item":"https:\/\/sellosgeneralescr.com\/new\/"},{"@type":"ListItem","position":2,"name":"Productos","item":"https:\/\/sellosgeneralescr.com\/new\/productos\/"},{"@type":"ListItem","position":3,"name":"jetStamp 790 \/ 791 \/ 792"}]}]}},"_links":{"self":[{"href":"https:\/\/sellosgeneralescr.com\/new\/wp-json\/wp\/v2\/product\/770","targetHints":{"allow":["GET"]}}],"collection":[{"href":"https:\/\/sellosgeneralescr.com\/new\/wp-json\/wp\/v2\/product"}],"about":[{"href":"https:\/\/sellosgeneralescr.com\/new\/wp-json\/wp\/v2\/types\/product"}],"wp:featuredmedia":[{"embeddable":true,"href":"https:\/\/sellosgeneralescr.com\/new\/wp-json\/wp\/v2\/media\/809"}],"wp:attachment":[{"href":"https:\/\/sellosgeneralescr.com\/new\/wp-json\/wp\/v2\/media?parent=770"}],"wp:term":[{"taxonomy":"product_cat","embeddable":true,"href":"https:\/\/sellosgeneralescr.com\/new\/wp-json\/wp\/v2\/product_cat?post=770"},{"taxonomy":"product_tag","embeddable":true,"href":"https:\/\/sellosgeneralescr.com\/new\/wp-json\/wp\/v2\/product_tag?post=770"}],"curies":[{"name":"wp","href":"https:\/\/api.w.org\/{rel}","templated":true}]}}