{"id":812,"date":"2022-08-18T07:40:07","date_gmt":"2022-08-18T07:40:07","guid":{"rendered":"https:\/\/localhost\/sellosnew\/?post_type=product&#038;p=812"},"modified":"2022-08-31T19:07:59","modified_gmt":"2022-08-31T19:07:59","slug":"jetstamp-790-791-792-copy","status":"publish","type":"product","link":"https:\/\/sellosgeneralescr.com\/new\/producto\/jetstamp-790-791-792-copy\/","title":{"rendered":"jetStamp 1025"},"content":{"rendered":"<p>Es simplemente genial, la flexibilidad con la que la nueva impresora inkjet port\u00e1til marca documentos,<br \/>\nempaques o productos.<\/p>\n<p>Si desea imprimir fecha, n\u00famero, hora, texto, s\u00edmbolo, logotipo o incluso c\u00f3digos de barras continuos (1D y 2D), \u00a1La jetStamp\u00ae 1025 marcar\u00e1 su pedido de manera limpia y segura hasta una altura de impresi\u00f3n de 25 mm (1\u201c).<\/p>\n<h5>Caracter\u00edsticas<\/h5>\n<p>\u2022 Impresi\u00f3n: fecha, hora, textos, n\u00fameros<br \/>\n\u2022 Dimensiones (A x P x H): 8 x 9.6 x 17cm<br \/>\n\u2022 Peso: aprox. 450 g<br \/>\n\u2022 Caracteres: m\u00e1x. 20 caracteres por l\u00edneas<br \/>\n\u2022 Resoluci\u00f3n de impresi\u00f3n: 96 dpi<br \/>\n\u2022 T\u00e9cnica de impresi\u00f3n: inyecci\u00f3n de tinta<\/p>\n","protected":false},"excerpt":{"rendered":"<div class=\"py-3 border-top\">\n<img decoding=\"async\" src=\"https:\/\/sellosgeneralescr.com\/new\/wp-content\/uploads\/2022\/08\/logo-reiner.svg\" alt=\"REINER\" class=\"alignnone size-full wp-image-789\" \/>\n<\/div>\n","protected":false},"featured_media":815,"template":"","meta":[],"product_cat":[41],"product_tag":[],"class_list":["post-812","product","type-product","status-publish","has-post-thumbnail","hentry","product_cat-sellos-electricos"],"yoast_head":"<!-- This site is optimized with the Yoast SEO plugin v18.9 - https:\/\/yoast.com\/wordpress\/plugins\/seo\/ -->\n<title>jetStamp 1025 - Sellos Generales<\/title>\n<meta name=\"description\" content=\"100 Sello Blanco Industrial, Notario, Sello de Agua, Sello Notarial, \u00d8 41mm | Dimensiones m\u00e1x. de la pinza porta-placaSello electr\u00f3nico port\u00e1til. Imprime n\u00fameros, hora y texto en un m\u00e1ximo de dos l\u00edneas, de forma r\u00e1pida y silenciosa. Sobre cualquier superf\u00edcie: planas e irregulares, gruesas, finas, documentos y sobres.Su funcionamiento con bater\u00eda garantiza una movilidad total.\" \/>\n<meta name=\"robots\" content=\"index, follow, max-snippet:-1, max-image-preview:large, max-video-preview:-1\" \/>\n<link rel=\"canonical\" href=\"https:\/\/sellosgeneralescr.com\/new\/producto\/jetstamp-790-791-792-copy\/\" \/>\n<meta property=\"og:locale\" content=\"en_US\" \/>\n<meta property=\"og:type\" content=\"article\" \/>\n<meta property=\"og:title\" content=\"jetStamp 1025 - Sellos Generales\" \/>\n<meta property=\"og:description\" content=\"100 Sello Blanco Industrial, Notario, Sello de Agua, Sello Notarial, \u00d8 41mm | Dimensiones m\u00e1x. de la pinza porta-placaSello electr\u00f3nico port\u00e1til. Imprime n\u00fameros, hora y texto en un m\u00e1ximo de dos l\u00edneas, de forma r\u00e1pida y silenciosa. Sobre cualquier superf\u00edcie: planas e irregulares, gruesas, finas, documentos y sobres.Su funcionamiento con bater\u00eda garantiza una movilidad total.\" \/>\n<meta property=\"og:url\" content=\"https:\/\/sellosgeneralescr.com\/new\/producto\/jetstamp-790-791-792-copy\/\" \/>\n<meta property=\"og:site_name\" content=\"Sellos Generales\" \/>\n<meta property=\"article:modified_time\" content=\"2022-08-31T19:07:59+00:00\" \/>\n<meta property=\"og:image\" content=\"https:\/\/sellosgeneralescr.com\/new\/wp-content\/uploads\/2022\/08\/jetStamp-1025.png\" \/>\n\t<meta property=\"og:image:width\" content=\"1000\" \/>\n\t<meta property=\"og:image:height\" content=\"1000\" \/>\n\t<meta property=\"og:image:type\" content=\"image\/png\" \/>\n<meta name=\"twitter:card\" content=\"summary_large_image\" \/>\n<meta name=\"twitter:label1\" content=\"Est. reading time\" \/>\n\t<meta name=\"twitter:data1\" content=\"1 minute\" \/>\n<script type=\"application\/ld+json\" class=\"yoast-schema-graph\">{\"@context\":\"https:\/\/schema.org\",\"@graph\":[{\"@type\":\"WebSite\",\"@id\":\"https:\/\/sellosgeneralescr.com\/new\/#website\",\"url\":\"https:\/\/sellosgeneralescr.com\/new\/\",\"name\":\"Sellos Generales\",\"description\":\"Guillermo Rodr\u00edguez Rojas\",\"potentialAction\":[{\"@type\":\"SearchAction\",\"target\":{\"@type\":\"EntryPoint\",\"urlTemplate\":\"https:\/\/sellosgeneralescr.com\/new\/?s={search_term_string}\"},\"query-input\":\"required name=search_term_string\"}],\"inLanguage\":\"en-US\"},{\"@type\":\"ImageObject\",\"inLanguage\":\"en-US\",\"@id\":\"https:\/\/sellosgeneralescr.com\/new\/producto\/jetstamp-790-791-792-copy\/#primaryimage\",\"url\":\"https:\/\/sellosgeneralescr.com\/new\/wp-content\/uploads\/2022\/08\/jetStamp-1025.png\",\"contentUrl\":\"https:\/\/sellosgeneralescr.com\/new\/wp-content\/uploads\/2022\/08\/jetStamp-1025.png\",\"width\":1000,\"height\":1000,\"caption\":\"jetStamp-1025\"},{\"@type\":\"WebPage\",\"@id\":\"https:\/\/sellosgeneralescr.com\/new\/producto\/jetstamp-790-791-792-copy\/#webpage\",\"url\":\"https:\/\/sellosgeneralescr.com\/new\/producto\/jetstamp-790-791-792-copy\/\",\"name\":\"jetStamp 1025 - Sellos Generales\",\"isPartOf\":{\"@id\":\"https:\/\/sellosgeneralescr.com\/new\/#website\"},\"primaryImageOfPage\":{\"@id\":\"https:\/\/sellosgeneralescr.com\/new\/producto\/jetstamp-790-791-792-copy\/#primaryimage\"},\"datePublished\":\"2022-08-18T07:40:07+00:00\",\"dateModified\":\"2022-08-31T19:07:59+00:00\",\"description\":\"100 Sello Blanco Industrial, Notario, Sello de Agua, Sello Notarial, \u00d8 41mm | Dimensiones m\u00e1x. de la pinza porta-placaSello electr\u00f3nico port\u00e1til. Imprime n\u00fameros, hora y texto en un m\u00e1ximo de dos l\u00edneas, de forma r\u00e1pida y silenciosa. Sobre cualquier superf\u00edcie: planas e irregulares, gruesas, finas, documentos y sobres.Su funcionamiento con bater\u00eda garantiza una movilidad total.\",\"breadcrumb\":{\"@id\":\"https:\/\/sellosgeneralescr.com\/new\/producto\/jetstamp-790-791-792-copy\/#breadcrumb\"},\"inLanguage\":\"en-US\",\"potentialAction\":[{\"@type\":\"ReadAction\",\"target\":[\"https:\/\/sellosgeneralescr.com\/new\/producto\/jetstamp-790-791-792-copy\/\"]}]},{\"@type\":\"BreadcrumbList\",\"@id\":\"https:\/\/sellosgeneralescr.com\/new\/producto\/jetstamp-790-791-792-copy\/#breadcrumb\",\"itemListElement\":[{\"@type\":\"ListItem\",\"position\":1,\"name\":\"Home\",\"item\":\"https:\/\/sellosgeneralescr.com\/new\/\"},{\"@type\":\"ListItem\",\"position\":2,\"name\":\"Productos\",\"item\":\"https:\/\/sellosgeneralescr.com\/new\/productos\/\"},{\"@type\":\"ListItem\",\"position\":3,\"name\":\"jetStamp 1025\"}]}]}<\/script>\n<!-- \/ Yoast SEO plugin. -->","yoast_head_json":{"title":"jetStamp 1025 - Sellos Generales","description":"100 Sello Blanco Industrial, Notario, Sello de Agua, Sello Notarial, \u00d8 41mm | Dimensiones m\u00e1x. de la pinza porta-placaSello electr\u00f3nico port\u00e1til. Imprime n\u00fameros, hora y texto en un m\u00e1ximo de dos l\u00edneas, de forma r\u00e1pida y silenciosa. Sobre cualquier superf\u00edcie: planas e irregulares, gruesas, finas, documentos y sobres.Su funcionamiento con bater\u00eda garantiza una movilidad total.","robots":{"index":"index","follow":"follow","max-snippet":"max-snippet:-1","max-image-preview":"max-image-preview:large","max-video-preview":"max-video-preview:-1"},"canonical":"https:\/\/sellosgeneralescr.com\/new\/producto\/jetstamp-790-791-792-copy\/","og_locale":"en_US","og_type":"article","og_title":"jetStamp 1025 - Sellos Generales","og_description":"100 Sello Blanco Industrial, Notario, Sello de Agua, Sello Notarial, \u00d8 41mm | Dimensiones m\u00e1x. de la pinza porta-placaSello electr\u00f3nico port\u00e1til. Imprime n\u00fameros, hora y texto en un m\u00e1ximo de dos l\u00edneas, de forma r\u00e1pida y silenciosa. Sobre cualquier superf\u00edcie: planas e irregulares, gruesas, finas, documentos y sobres.Su funcionamiento con bater\u00eda garantiza una movilidad total.","og_url":"https:\/\/sellosgeneralescr.com\/new\/producto\/jetstamp-790-791-792-copy\/","og_site_name":"Sellos Generales","article_modified_time":"2022-08-31T19:07:59+00:00","og_image":[{"width":1000,"height":1000,"url":"https:\/\/sellosgeneralescr.com\/new\/wp-content\/uploads\/2022\/08\/jetStamp-1025.png","type":"image\/png"}],"twitter_card":"summary_large_image","twitter_misc":{"Est. reading time":"1 minute"},"schema":{"@context":"https:\/\/schema.org","@graph":[{"@type":"WebSite","@id":"https:\/\/sellosgeneralescr.com\/new\/#website","url":"https:\/\/sellosgeneralescr.com\/new\/","name":"Sellos Generales","description":"Guillermo Rodr\u00edguez Rojas","potentialAction":[{"@type":"SearchAction","target":{"@type":"EntryPoint","urlTemplate":"https:\/\/sellosgeneralescr.com\/new\/?s={search_term_string}"},"query-input":"required name=search_term_string"}],"inLanguage":"en-US"},{"@type":"ImageObject","inLanguage":"en-US","@id":"https:\/\/sellosgeneralescr.com\/new\/producto\/jetstamp-790-791-792-copy\/#primaryimage","url":"https:\/\/sellosgeneralescr.com\/new\/wp-content\/uploads\/2022\/08\/jetStamp-1025.png","contentUrl":"https:\/\/sellosgeneralescr.com\/new\/wp-content\/uploads\/2022\/08\/jetStamp-1025.png","width":1000,"height":1000,"caption":"jetStamp-1025"},{"@type":"WebPage","@id":"https:\/\/sellosgeneralescr.com\/new\/producto\/jetstamp-790-791-792-copy\/#webpage","url":"https:\/\/sellosgeneralescr.com\/new\/producto\/jetstamp-790-791-792-copy\/","name":"jetStamp 1025 - Sellos Generales","isPartOf":{"@id":"https:\/\/sellosgeneralescr.com\/new\/#website"},"primaryImageOfPage":{"@id":"https:\/\/sellosgeneralescr.com\/new\/producto\/jetstamp-790-791-792-copy\/#primaryimage"},"datePublished":"2022-08-18T07:40:07+00:00","dateModified":"2022-08-31T19:07:59+00:00","description":"100 Sello Blanco Industrial, Notario, Sello de Agua, Sello Notarial, \u00d8 41mm | Dimensiones m\u00e1x. de la pinza porta-placaSello electr\u00f3nico port\u00e1til. Imprime n\u00fameros, hora y texto en un m\u00e1ximo de dos l\u00edneas, de forma r\u00e1pida y silenciosa. Sobre cualquier superf\u00edcie: planas e irregulares, gruesas, finas, documentos y sobres.Su funcionamiento con bater\u00eda garantiza una movilidad total.","breadcrumb":{"@id":"https:\/\/sellosgeneralescr.com\/new\/producto\/jetstamp-790-791-792-copy\/#breadcrumb"},"inLanguage":"en-US","potentialAction":[{"@type":"ReadAction","target":["https:\/\/sellosgeneralescr.com\/new\/producto\/jetstamp-790-791-792-copy\/"]}]},{"@type":"BreadcrumbList","@id":"https:\/\/sellosgeneralescr.com\/new\/producto\/jetstamp-790-791-792-copy\/#breadcrumb","itemListElement":[{"@type":"ListItem","position":1,"name":"Home","item":"https:\/\/sellosgeneralescr.com\/new\/"},{"@type":"ListItem","position":2,"name":"Productos","item":"https:\/\/sellosgeneralescr.com\/new\/productos\/"},{"@type":"ListItem","position":3,"name":"jetStamp 1025"}]}]}},"_links":{"self":[{"href":"https:\/\/sellosgeneralescr.com\/new\/wp-json\/wp\/v2\/product\/812","targetHints":{"allow":["GET"]}}],"collection":[{"href":"https:\/\/sellosgeneralescr.com\/new\/wp-json\/wp\/v2\/product"}],"about":[{"href":"https:\/\/sellosgeneralescr.com\/new\/wp-json\/wp\/v2\/types\/product"}],"wp:featuredmedia":[{"embeddable":true,"href":"https:\/\/sellosgeneralescr.com\/new\/wp-json\/wp\/v2\/media\/815"}],"wp:attachment":[{"href":"https:\/\/sellosgeneralescr.com\/new\/wp-json\/wp\/v2\/media?parent=812"}],"wp:term":[{"taxonomy":"product_cat","embeddable":true,"href":"https:\/\/sellosgeneralescr.com\/new\/wp-json\/wp\/v2\/product_cat?post=812"},{"taxonomy":"product_tag","embeddable":true,"href":"https:\/\/sellosgeneralescr.com\/new\/wp-json\/wp\/v2\/product_tag?post=812"}],"curies":[{"name":"wp","href":"https:\/\/api.w.org\/{rel}","templated":true}]}}